{"id":33665,"date":"2023-04-04T08:11:28","date_gmt":"2023-04-04T07:11:28","guid":{"rendered":"https:\/\/greshamhouse.com\/de\/sustainable-investment-report\/"},"modified":"2026-02-06T16:28:47","modified_gmt":"2026-02-06T16:28:47","slug":"bericht-ueber-nachhaltige-investitionen","status":"publish","type":"page","link":"https:\/\/greshamhouse.com\/de\/bericht-ueber-nachhaltige-investitionen\/","title":{"rendered":"Bericht \u00fcber nachhaltige Investitionen"},"content":{"rendered":"","protected":false},"excerpt":{"rendered":"","protected":false},"author":38,"featured_media":33463,"parent":0,"menu_order":0,"comment_status":"closed","ping_status":"closed","template":"","meta":{"_acf_changed":false,"footnotes":"[]"},"class_list":["post-33665","page","type-page","status-publish","has-post-thumbnail","hentry"],"acf":[],"yoast_head":"<!-- This site is optimized with the Yoast SEO plugin v27.2 - https:\/\/yoast.com\/product\/yoast-seo-wordpress\/ -->\n<title>Bericht \u00fcber nachhaltige Investitionen - Gresham House DE<\/title>\n<meta name=\"description\" content=\"Unser j\u00fcngster Bericht \u00fcber nachhaltige Investitionen erl\u00e4utert, wie wir unserer Verpflichtung nachgekommen sind, die Nachhaltigkeitsagenda 2023 voranzubringen.\u00a0\" \/>\n<meta name=\"robots\" content=\"index, follow, max-snippet:-1, max-image-preview:large, max-video-preview:-1\" \/>\n<link rel=\"canonical\" href=\"https:\/\/greshamhouse.com\/de\/bericht-ueber-nachhaltige-investitionen\/\" \/>\n<meta property=\"og:locale\" content=\"en_US\" \/>\n<meta property=\"og:type\" content=\"article\" \/>\n<meta property=\"og:title\" content=\"Bericht \u00fcber nachhaltige Investitionen - Gresham House DE\" \/>\n<meta property=\"og:description\" content=\"Unser j\u00fcngster Bericht \u00fcber nachhaltige Investitionen erl\u00e4utert, wie wir unserer Verpflichtung nachgekommen sind, die Nachhaltigkeitsagenda 2023 voranzubringen.\u00a0\" \/>\n<meta property=\"og:url\" content=\"https:\/\/greshamhouse.com\/de\/bericht-ueber-nachhaltige-investitionen\/\" \/>\n<meta property=\"og:site_name\" content=\"Gresham House DE\" \/>\n<meta property=\"article:modified_time\" content=\"2026-02-06T16:28:47+00:00\" \/>\n<meta property=\"og:image\" content=\"https:\/\/greshamhouse.com\/de\/wp-content\/uploads\/sites\/5\/2024\/04\/website-featured-image-SI.png\" \/>\n\t<meta property=\"og:image:width\" content=\"980\" \/>\n\t<meta property=\"og:image:height\" content=\"480\" \/>\n\t<meta property=\"og:image:type\" content=\"image\/png\" \/>\n<meta name=\"twitter:card\" content=\"summary_large_image\" \/>\n<meta name=\"twitter:label1\" content=\"Estimated reading time\" \/>\n\t<meta name=\"twitter:data1\" content=\"1 minute\" \/>\n<script type=\"application\/ld+json\" class=\"yoast-schema-graph\">{\"@context\":\"https:\/\/schema.org\",\"@graph\":[{\"@type\":\"WebPage\",\"@id\":\"https:\/\/greshamhouse.com\/de\/bericht-ueber-nachhaltige-investitionen\/\",\"url\":\"https:\/\/greshamhouse.com\/de\/bericht-ueber-nachhaltige-investitionen\/\",\"name\":\"Bericht \u00fcber nachhaltige Investitionen - Gresham House DE\",\"isPartOf\":{\"@id\":\"https:\/\/greshamhouse.com\/de\/#website\"},\"primaryImageOfPage\":{\"@id\":\"https:\/\/greshamhouse.com\/de\/bericht-ueber-nachhaltige-investitionen\/#primaryimage\"},\"image\":{\"@id\":\"https:\/\/greshamhouse.com\/de\/bericht-ueber-nachhaltige-investitionen\/#primaryimage\"},\"thumbnailUrl\":\"https:\/\/greshamhouse.com\/de\/wp-content\/uploads\/sites\/5\/2024\/04\/website-featured-image-SI.png\",\"datePublished\":\"2023-04-04T07:11:28+00:00\",\"dateModified\":\"2026-02-06T16:28:47+00:00\",\"description\":\"Unser j\u00fcngster Bericht \u00fcber nachhaltige Investitionen erl\u00e4utert, wie wir unserer Verpflichtung nachgekommen sind, die Nachhaltigkeitsagenda 2023 voranzubringen.\u00a0\",\"inLanguage\":\"en-GB\",\"potentialAction\":[{\"@type\":\"ReadAction\",\"target\":[\"https:\/\/greshamhouse.com\/de\/bericht-ueber-nachhaltige-investitionen\/\"]}]},{\"@type\":\"ImageObject\",\"inLanguage\":\"en-GB\",\"@id\":\"https:\/\/greshamhouse.com\/de\/bericht-ueber-nachhaltige-investitionen\/#primaryimage\",\"url\":\"https:\/\/greshamhouse.com\/de\/wp-content\/uploads\/sites\/5\/2024\/04\/website-featured-image-SI.png\",\"contentUrl\":\"https:\/\/greshamhouse.com\/de\/wp-content\/uploads\/sites\/5\/2024\/04\/website-featured-image-SI.png\",\"width\":980,\"height\":480},{\"@type\":\"WebSite\",\"@id\":\"https:\/\/greshamhouse.com\/de\/#website\",\"url\":\"https:\/\/greshamhouse.com\/de\/\",\"name\":\"Gresham House DE\",\"description\":\"Specialist alternative asset management\",\"publisher\":{\"@id\":\"https:\/\/greshamhouse.com\/de\/#organization\"},\"potentialAction\":[{\"@type\":\"SearchAction\",\"target\":{\"@type\":\"EntryPoint\",\"urlTemplate\":\"https:\/\/greshamhouse.com\/de\/?s={search_term_string}\"},\"query-input\":{\"@type\":\"PropertyValueSpecification\",\"valueRequired\":true,\"valueName\":\"search_term_string\"}}],\"inLanguage\":\"en-GB\"},{\"@type\":\"Organization\",\"@id\":\"https:\/\/greshamhouse.com\/de\/#organization\",\"name\":\"Gresham House DE\",\"url\":\"https:\/\/greshamhouse.com\/de\/\",\"logo\":{\"@type\":\"ImageObject\",\"inLanguage\":\"en-GB\",\"@id\":\"https:\/\/greshamhouse.com\/de\/#\/schema\/logo\/image\/\",\"url\":\"https:\/\/greshamhouse.com\/de\/wp-content\/uploads\/sites\/5\/2025\/06\/Gresham_House_logo_positive.png\",\"contentUrl\":\"https:\/\/greshamhouse.com\/de\/wp-content\/uploads\/sites\/5\/2025\/06\/Gresham_House_logo_positive.png\",\"width\":286,\"height\":112,\"caption\":\"Gresham House DE\"},\"image\":{\"@id\":\"https:\/\/greshamhouse.com\/de\/#\/schema\/logo\/image\/\"},\"sameAs\":[\"https:\/\/www.linkedin.com\/company\/gresham-house-plc\"]}]}<\/script>\n<!-- \/ Yoast SEO plugin. -->","yoast_head_json":{"title":"Bericht \u00fcber nachhaltige Investitionen - Gresham House DE","description":"Unser j\u00fcngster Bericht \u00fcber nachhaltige Investitionen erl\u00e4utert, wie wir unserer Verpflichtung nachgekommen sind, die Nachhaltigkeitsagenda 2023 voranzubringen.\u00a0","robots":{"index":"index","follow":"follow","max-snippet":"max-snippet:-1","max-image-preview":"max-image-preview:large","max-video-preview":"max-video-preview:-1"},"canonical":"https:\/\/greshamhouse.com\/de\/bericht-ueber-nachhaltige-investitionen\/","og_locale":"en_US","og_type":"article","og_title":"Bericht \u00fcber nachhaltige Investitionen - Gresham House DE","og_description":"Unser j\u00fcngster Bericht \u00fcber nachhaltige Investitionen erl\u00e4utert, wie wir unserer Verpflichtung nachgekommen sind, die Nachhaltigkeitsagenda 2023 voranzubringen.\u00a0","og_url":"https:\/\/greshamhouse.com\/de\/bericht-ueber-nachhaltige-investitionen\/","og_site_name":"Gresham House DE","article_modified_time":"2026-02-06T16:28:47+00:00","og_image":[{"width":980,"height":480,"url":"https:\/\/greshamhouse.com\/de\/wp-content\/uploads\/sites\/5\/2024\/04\/website-featured-image-SI.png","type":"image\/png"}],"twitter_card":"summary_large_image","twitter_misc":{"Estimated reading time":"1 minute"},"schema":{"@context":"https:\/\/schema.org","@graph":[{"@type":"WebPage","@id":"https:\/\/greshamhouse.com\/de\/bericht-ueber-nachhaltige-investitionen\/","url":"https:\/\/greshamhouse.com\/de\/bericht-ueber-nachhaltige-investitionen\/","name":"Bericht \u00fcber nachhaltige Investitionen - Gresham House DE","isPartOf":{"@id":"https:\/\/greshamhouse.com\/de\/#website"},"primaryImageOfPage":{"@id":"https:\/\/greshamhouse.com\/de\/bericht-ueber-nachhaltige-investitionen\/#primaryimage"},"image":{"@id":"https:\/\/greshamhouse.com\/de\/bericht-ueber-nachhaltige-investitionen\/#primaryimage"},"thumbnailUrl":"https:\/\/greshamhouse.com\/de\/wp-content\/uploads\/sites\/5\/2024\/04\/website-featured-image-SI.png","datePublished":"2023-04-04T07:11:28+00:00","dateModified":"2026-02-06T16:28:47+00:00","description":"Unser j\u00fcngster Bericht \u00fcber nachhaltige Investitionen erl\u00e4utert, wie wir unserer Verpflichtung nachgekommen sind, die Nachhaltigkeitsagenda 2023 voranzubringen.\u00a0","inLanguage":"en-GB","potentialAction":[{"@type":"ReadAction","target":["https:\/\/greshamhouse.com\/de\/bericht-ueber-nachhaltige-investitionen\/"]}]},{"@type":"ImageObject","inLanguage":"en-GB","@id":"https:\/\/greshamhouse.com\/de\/bericht-ueber-nachhaltige-investitionen\/#primaryimage","url":"https:\/\/greshamhouse.com\/de\/wp-content\/uploads\/sites\/5\/2024\/04\/website-featured-image-SI.png","contentUrl":"https:\/\/greshamhouse.com\/de\/wp-content\/uploads\/sites\/5\/2024\/04\/website-featured-image-SI.png","width":980,"height":480},{"@type":"WebSite","@id":"https:\/\/greshamhouse.com\/de\/#website","url":"https:\/\/greshamhouse.com\/de\/","name":"Gresham House DE","description":"Specialist alternative asset management","publisher":{"@id":"https:\/\/greshamhouse.com\/de\/#organization"},"potentialAction":[{"@type":"SearchAction","target":{"@type":"EntryPoint","urlTemplate":"https:\/\/greshamhouse.com\/de\/?s={search_term_string}"},"query-input":{"@type":"PropertyValueSpecification","valueRequired":true,"valueName":"search_term_string"}}],"inLanguage":"en-GB"},{"@type":"Organization","@id":"https:\/\/greshamhouse.com\/de\/#organization","name":"Gresham House DE","url":"https:\/\/greshamhouse.com\/de\/","logo":{"@type":"ImageObject","inLanguage":"en-GB","@id":"https:\/\/greshamhouse.com\/de\/#\/schema\/logo\/image\/","url":"https:\/\/greshamhouse.com\/de\/wp-content\/uploads\/sites\/5\/2025\/06\/Gresham_House_logo_positive.png","contentUrl":"https:\/\/greshamhouse.com\/de\/wp-content\/uploads\/sites\/5\/2025\/06\/Gresham_House_logo_positive.png","width":286,"height":112,"caption":"Gresham House DE"},"image":{"@id":"https:\/\/greshamhouse.com\/de\/#\/schema\/logo\/image\/"},"sameAs":["https:\/\/www.linkedin.com\/company\/gresham-house-plc"]}]}},"_links":{"self":[{"href":"https:\/\/greshamhouse.com\/de\/wp-json\/wp\/v2\/pages\/33665","targetHints":{"allow":["GET"]}}],"collection":[{"href":"https:\/\/greshamhouse.com\/de\/wp-json\/wp\/v2\/pages"}],"about":[{"href":"https:\/\/greshamhouse.com\/de\/wp-json\/wp\/v2\/types\/page"}],"author":[{"embeddable":true,"href":"https:\/\/greshamhouse.com\/de\/wp-json\/wp\/v2\/users\/38"}],"replies":[{"embeddable":true,"href":"https:\/\/greshamhouse.com\/de\/wp-json\/wp\/v2\/comments?post=33665"}],"version-history":[{"count":1,"href":"https:\/\/greshamhouse.com\/de\/wp-json\/wp\/v2\/pages\/33665\/revisions"}],"predecessor-version":[{"id":34497,"href":"https:\/\/greshamhouse.com\/de\/wp-json\/wp\/v2\/pages\/33665\/revisions\/34497"}],"wp:featuredmedia":[{"embeddable":true,"href":"https:\/\/greshamhouse.com\/de\/wp-json\/wp\/v2\/media\/33463"}],"wp:attachment":[{"href":"https:\/\/greshamhouse.com\/de\/wp-json\/wp\/v2\/media?parent=33665"}],"curies":[{"name":"wp","href":"https:\/\/api.w.org\/{rel}","templated":true}]}}