{"id":33654,"date":"2019-09-25T14:11:06","date_gmt":"2019-09-25T13:11:06","guid":{"rendered":"https:\/\/greshamhouse.com\/de\/?page_id=532"},"modified":"2026-02-06T16:28:38","modified_gmt":"2026-02-06T16:28:38","slug":"unser-team","status":"publish","type":"page","link":"https:\/\/greshamhouse.com\/de\/unser-team\/","title":{"rendered":"Unser Team"},"content":{"rendered":"","protected":false},"excerpt":{"rendered":"","protected":false},"author":38,"featured_media":0,"parent":0,"menu_order":0,"comment_status":"closed","ping_status":"closed","template":"","meta":{"_acf_changed":false,"footnotes":""},"class_list":["post-33654","page","type-page","status-publish","hentry"],"acf":[],"yoast_head":"<!-- This site is optimized with the Yoast SEO plugin v27.4 - https:\/\/yoast.com\/product\/yoast-seo-wordpress\/ -->\n<title>Unser Team | Gresham House | Spezialisten f\u00fcr nachhaltige Alternativen<\/title>\n<meta name=\"description\" content=\"Als verl\u00e4ssliche Partner f\u00fcr die Ziele von Kunden und Aktion\u00e4ren wissen wir bei Gresham House, wie wichtig das richtige Team ist, um etwas zu erreichen.\" \/>\n<meta name=\"robots\" content=\"index, follow, max-snippet:-1, max-image-preview:large, max-video-preview:-1\" \/>\n<link rel=\"canonical\" href=\"https:\/\/greshamhouse.com\/de\/unser-team\/\" \/>\n<meta property=\"og:locale\" content=\"en_US\" \/>\n<meta property=\"og:type\" content=\"article\" \/>\n<meta property=\"og:title\" content=\"Unser Team | Gresham House | Spezialisten f\u00fcr nachhaltige Alternativen\" \/>\n<meta property=\"og:description\" content=\"Als verl\u00e4ssliche Partner f\u00fcr die Ziele von Kunden und Aktion\u00e4ren wissen wir bei Gresham House, wie wichtig das richtige Team ist, um etwas zu erreichen.\" \/>\n<meta property=\"og:url\" content=\"https:\/\/greshamhouse.com\/de\/unser-team\/\" \/>\n<meta property=\"og:site_name\" content=\"Gresham House DE\" \/>\n<meta property=\"article:modified_time\" content=\"2026-02-06T16:28:38+00:00\" \/>\n<meta name=\"twitter:card\" content=\"summary_large_image\" \/>\n<script type=\"application\/ld+json\" class=\"yoast-schema-graph\">{\"@context\":\"https:\\\/\\\/schema.org\",\"@graph\":[{\"@type\":\"WebPage\",\"@id\":\"https:\\\/\\\/greshamhouse.com\\\/de\\\/unser-team\\\/\",\"url\":\"https:\\\/\\\/greshamhouse.com\\\/de\\\/unser-team\\\/\",\"name\":\"Unser Team | Gresham House | Spezialisten f\u00fcr nachhaltige Alternativen\",\"isPartOf\":{\"@id\":\"https:\\\/\\\/greshamhouse.com\\\/de\\\/#website\"},\"datePublished\":\"2019-09-25T13:11:06+00:00\",\"dateModified\":\"2026-02-06T16:28:38+00:00\",\"description\":\"Als verl\u00e4ssliche Partner f\u00fcr die Ziele von Kunden und Aktion\u00e4ren wissen wir bei Gresham House, wie wichtig das richtige Team ist, um etwas zu erreichen.\",\"inLanguage\":\"en-GB\",\"potentialAction\":[{\"@type\":\"ReadAction\",\"target\":[\"https:\\\/\\\/greshamhouse.com\\\/de\\\/unser-team\\\/\"]}]},{\"@type\":\"WebSite\",\"@id\":\"https:\\\/\\\/greshamhouse.com\\\/de\\\/#website\",\"url\":\"https:\\\/\\\/greshamhouse.com\\\/de\\\/\",\"name\":\"Gresham House DE\",\"description\":\"Specialist alternative asset management\",\"publisher\":{\"@id\":\"https:\\\/\\\/greshamhouse.com\\\/de\\\/#organization\"},\"potentialAction\":[{\"@type\":\"SearchAction\",\"target\":{\"@type\":\"EntryPoint\",\"urlTemplate\":\"https:\\\/\\\/greshamhouse.com\\\/de\\\/?s={search_term_string}\"},\"query-input\":{\"@type\":\"PropertyValueSpecification\",\"valueRequired\":true,\"valueName\":\"search_term_string\"}}],\"inLanguage\":\"en-GB\"},{\"@type\":\"Organization\",\"@id\":\"https:\\\/\\\/greshamhouse.com\\\/de\\\/#organization\",\"name\":\"Gresham House DE\",\"url\":\"https:\\\/\\\/greshamhouse.com\\\/de\\\/\",\"logo\":{\"@type\":\"ImageObject\",\"inLanguage\":\"en-GB\",\"@id\":\"https:\\\/\\\/greshamhouse.com\\\/de\\\/#\\\/schema\\\/logo\\\/image\\\/\",\"url\":\"https:\\\/\\\/greshamhouse.com\\\/de\\\/wp-content\\\/uploads\\\/sites\\\/5\\\/2025\\\/06\\\/Gresham_House_logo_positive.png\",\"contentUrl\":\"https:\\\/\\\/greshamhouse.com\\\/de\\\/wp-content\\\/uploads\\\/sites\\\/5\\\/2025\\\/06\\\/Gresham_House_logo_positive.png\",\"width\":286,\"height\":112,\"caption\":\"Gresham House DE\"},\"image\":{\"@id\":\"https:\\\/\\\/greshamhouse.com\\\/de\\\/#\\\/schema\\\/logo\\\/image\\\/\"},\"sameAs\":[\"https:\\\/\\\/www.linkedin.com\\\/company\\\/gresham-house-plc\"]}]}<\/script>\n<!-- \/ Yoast SEO plugin. -->","yoast_head_json":{"title":"Unser Team | Gresham House | Spezialisten f\u00fcr nachhaltige Alternativen","description":"Als verl\u00e4ssliche Partner f\u00fcr die Ziele von Kunden und Aktion\u00e4ren wissen wir bei Gresham House, wie wichtig das richtige Team ist, um etwas zu erreichen.","robots":{"index":"index","follow":"follow","max-snippet":"max-snippet:-1","max-image-preview":"max-image-preview:large","max-video-preview":"max-video-preview:-1"},"canonical":"https:\/\/greshamhouse.com\/de\/unser-team\/","og_locale":"en_US","og_type":"article","og_title":"Unser Team | Gresham House | Spezialisten f\u00fcr nachhaltige Alternativen","og_description":"Als verl\u00e4ssliche Partner f\u00fcr die Ziele von Kunden und Aktion\u00e4ren wissen wir bei Gresham House, wie wichtig das richtige Team ist, um etwas zu erreichen.","og_url":"https:\/\/greshamhouse.com\/de\/unser-team\/","og_site_name":"Gresham House DE","article_modified_time":"2026-02-06T16:28:38+00:00","twitter_card":"summary_large_image","schema":{"@context":"https:\/\/schema.org","@graph":[{"@type":"WebPage","@id":"https:\/\/greshamhouse.com\/de\/unser-team\/","url":"https:\/\/greshamhouse.com\/de\/unser-team\/","name":"Unser Team | Gresham House | Spezialisten f\u00fcr nachhaltige Alternativen","isPartOf":{"@id":"https:\/\/greshamhouse.com\/de\/#website"},"datePublished":"2019-09-25T13:11:06+00:00","dateModified":"2026-02-06T16:28:38+00:00","description":"Als verl\u00e4ssliche Partner f\u00fcr die Ziele von Kunden und Aktion\u00e4ren wissen wir bei Gresham House, wie wichtig das richtige Team ist, um etwas zu erreichen.","inLanguage":"en-GB","potentialAction":[{"@type":"ReadAction","target":["https:\/\/greshamhouse.com\/de\/unser-team\/"]}]},{"@type":"WebSite","@id":"https:\/\/greshamhouse.com\/de\/#website","url":"https:\/\/greshamhouse.com\/de\/","name":"Gresham House DE","description":"Specialist alternative asset management","publisher":{"@id":"https:\/\/greshamhouse.com\/de\/#organization"},"potentialAction":[{"@type":"SearchAction","target":{"@type":"EntryPoint","urlTemplate":"https:\/\/greshamhouse.com\/de\/?s={search_term_string}"},"query-input":{"@type":"PropertyValueSpecification","valueRequired":true,"valueName":"search_term_string"}}],"inLanguage":"en-GB"},{"@type":"Organization","@id":"https:\/\/greshamhouse.com\/de\/#organization","name":"Gresham House DE","url":"https:\/\/greshamhouse.com\/de\/","logo":{"@type":"ImageObject","inLanguage":"en-GB","@id":"https:\/\/greshamhouse.com\/de\/#\/schema\/logo\/image\/","url":"https:\/\/greshamhouse.com\/de\/wp-content\/uploads\/sites\/5\/2025\/06\/Gresham_House_logo_positive.png","contentUrl":"https:\/\/greshamhouse.com\/de\/wp-content\/uploads\/sites\/5\/2025\/06\/Gresham_House_logo_positive.png","width":286,"height":112,"caption":"Gresham House DE"},"image":{"@id":"https:\/\/greshamhouse.com\/de\/#\/schema\/logo\/image\/"},"sameAs":["https:\/\/www.linkedin.com\/company\/gresham-house-plc"]}]}},"_links":{"self":[{"href":"https:\/\/greshamhouse.com\/de\/wp-json\/wp\/v2\/pages\/33654","targetHints":{"allow":["GET"]}}],"collection":[{"href":"https:\/\/greshamhouse.com\/de\/wp-json\/wp\/v2\/pages"}],"about":[{"href":"https:\/\/greshamhouse.com\/de\/wp-json\/wp\/v2\/types\/page"}],"author":[{"embeddable":true,"href":"https:\/\/greshamhouse.com\/de\/wp-json\/wp\/v2\/users\/38"}],"replies":[{"embeddable":true,"href":"https:\/\/greshamhouse.com\/de\/wp-json\/wp\/v2\/comments?post=33654"}],"version-history":[{"count":0,"href":"https:\/\/greshamhouse.com\/de\/wp-json\/wp\/v2\/pages\/33654\/revisions"}],"wp:attachment":[{"href":"https:\/\/greshamhouse.com\/de\/wp-json\/wp\/v2\/media?parent=33654"}],"curies":[{"name":"wp","href":"https:\/\/api.w.org\/{rel}","templated":true}]}}