{"id":33648,"date":"2019-09-09T12:18:26","date_gmt":"2019-09-09T12:18:26","guid":{"rendered":"https:\/\/greshamhouse.com\/de\/?page_id=183"},"modified":"2026-02-06T16:28:32","modified_gmt":"2026-02-06T16:28:32","slug":"kontakt","status":"publish","type":"page","link":"https:\/\/greshamhouse.com\/de\/kontakt\/","title":{"rendered":"Kontakt"},"content":{"rendered":"\n<p><\/p>\n\n\n\n<p><\/p>\n","protected":false},"excerpt":{"rendered":"","protected":false},"author":38,"featured_media":0,"parent":0,"menu_order":0,"comment_status":"closed","ping_status":"closed","template":"","meta":{"_acf_changed":false,"footnotes":"[]"},"class_list":["post-33648","page","type-page","status-publish","hentry"],"acf":[],"yoast_head":"<!-- This site is optimized with the Yoast SEO plugin v27.2 - https:\/\/yoast.com\/product\/yoast-seo-wordpress\/ -->\n<title>Kontakt | Gresham House | Spezialisiertes Asset Management<\/title>\n<meta name=\"description\" content=\"Kontaktieren Sie Gresham House f\u00fcr weitere Informationen zu unseren Anlagestrategien und -m\u00f6glichkeiten oder f\u00fcr Medienkommentare. Alle Kontaktangaben finden Sie hier\" \/>\n<meta name=\"robots\" content=\"index, follow, max-snippet:-1, max-image-preview:large, max-video-preview:-1\" \/>\n<link rel=\"canonical\" href=\"https:\/\/greshamhouse.com\/de\/kontakt\/\" \/>\n<meta property=\"og:locale\" content=\"en_US\" \/>\n<meta property=\"og:type\" content=\"article\" \/>\n<meta property=\"og:title\" content=\"Kontakt | Gresham House | Spezialisiertes Asset Management\" \/>\n<meta property=\"og:description\" content=\"Kontaktieren Sie Gresham House f\u00fcr weitere Informationen zu unseren Anlagestrategien und -m\u00f6glichkeiten oder f\u00fcr Medienkommentare. Alle Kontaktangaben finden Sie hier\" \/>\n<meta property=\"og:url\" content=\"https:\/\/greshamhouse.com\/de\/kontakt\/\" \/>\n<meta property=\"og:site_name\" content=\"Gresham House DE\" \/>\n<meta property=\"article:modified_time\" content=\"2026-02-06T16:28:32+00:00\" \/>\n<meta name=\"twitter:card\" content=\"summary_large_image\" \/>\n<script type=\"application\/ld+json\" class=\"yoast-schema-graph\">{\"@context\":\"https:\/\/schema.org\",\"@graph\":[{\"@type\":\"WebPage\",\"@id\":\"https:\/\/greshamhouse.com\/de\/kontakt\/\",\"url\":\"https:\/\/greshamhouse.com\/de\/kontakt\/\",\"name\":\"Kontakt | Gresham House | Spezialisiertes Asset Management\",\"isPartOf\":{\"@id\":\"https:\/\/greshamhouse.com\/de\/#website\"},\"datePublished\":\"2019-09-09T12:18:26+00:00\",\"dateModified\":\"2026-02-06T16:28:32+00:00\",\"description\":\"Kontaktieren Sie Gresham House f\u00fcr weitere Informationen zu unseren Anlagestrategien und -m\u00f6glichkeiten oder f\u00fcr Medienkommentare. Alle Kontaktangaben finden Sie hier\",\"inLanguage\":\"en-GB\",\"potentialAction\":[{\"@type\":\"ReadAction\",\"target\":[\"https:\/\/greshamhouse.com\/de\/kontakt\/\"]}]},{\"@type\":\"WebSite\",\"@id\":\"https:\/\/greshamhouse.com\/de\/#website\",\"url\":\"https:\/\/greshamhouse.com\/de\/\",\"name\":\"Gresham House DE\",\"description\":\"Specialist alternative asset management\",\"publisher\":{\"@id\":\"https:\/\/greshamhouse.com\/de\/#organization\"},\"potentialAction\":[{\"@type\":\"SearchAction\",\"target\":{\"@type\":\"EntryPoint\",\"urlTemplate\":\"https:\/\/greshamhouse.com\/de\/?s={search_term_string}\"},\"query-input\":{\"@type\":\"PropertyValueSpecification\",\"valueRequired\":true,\"valueName\":\"search_term_string\"}}],\"inLanguage\":\"en-GB\"},{\"@type\":\"Organization\",\"@id\":\"https:\/\/greshamhouse.com\/de\/#organization\",\"name\":\"Gresham House DE\",\"url\":\"https:\/\/greshamhouse.com\/de\/\",\"logo\":{\"@type\":\"ImageObject\",\"inLanguage\":\"en-GB\",\"@id\":\"https:\/\/greshamhouse.com\/de\/#\/schema\/logo\/image\/\",\"url\":\"https:\/\/greshamhouse.com\/de\/wp-content\/uploads\/sites\/5\/2025\/06\/Gresham_House_logo_positive.png\",\"contentUrl\":\"https:\/\/greshamhouse.com\/de\/wp-content\/uploads\/sites\/5\/2025\/06\/Gresham_House_logo_positive.png\",\"width\":286,\"height\":112,\"caption\":\"Gresham House DE\"},\"image\":{\"@id\":\"https:\/\/greshamhouse.com\/de\/#\/schema\/logo\/image\/\"},\"sameAs\":[\"https:\/\/www.linkedin.com\/company\/gresham-house-plc\"]}]}<\/script>\n<!-- \/ Yoast SEO plugin. -->","yoast_head_json":{"title":"Kontakt | Gresham House | Spezialisiertes Asset Management","description":"Kontaktieren Sie Gresham House f\u00fcr weitere Informationen zu unseren Anlagestrategien und -m\u00f6glichkeiten oder f\u00fcr Medienkommentare. Alle Kontaktangaben finden Sie hier","robots":{"index":"index","follow":"follow","max-snippet":"max-snippet:-1","max-image-preview":"max-image-preview:large","max-video-preview":"max-video-preview:-1"},"canonical":"https:\/\/greshamhouse.com\/de\/kontakt\/","og_locale":"en_US","og_type":"article","og_title":"Kontakt | Gresham House | Spezialisiertes Asset Management","og_description":"Kontaktieren Sie Gresham House f\u00fcr weitere Informationen zu unseren Anlagestrategien und -m\u00f6glichkeiten oder f\u00fcr Medienkommentare. Alle Kontaktangaben finden Sie hier","og_url":"https:\/\/greshamhouse.com\/de\/kontakt\/","og_site_name":"Gresham House DE","article_modified_time":"2026-02-06T16:28:32+00:00","twitter_card":"summary_large_image","schema":{"@context":"https:\/\/schema.org","@graph":[{"@type":"WebPage","@id":"https:\/\/greshamhouse.com\/de\/kontakt\/","url":"https:\/\/greshamhouse.com\/de\/kontakt\/","name":"Kontakt | Gresham House | Spezialisiertes Asset Management","isPartOf":{"@id":"https:\/\/greshamhouse.com\/de\/#website"},"datePublished":"2019-09-09T12:18:26+00:00","dateModified":"2026-02-06T16:28:32+00:00","description":"Kontaktieren Sie Gresham House f\u00fcr weitere Informationen zu unseren Anlagestrategien und -m\u00f6glichkeiten oder f\u00fcr Medienkommentare. Alle Kontaktangaben finden Sie hier","inLanguage":"en-GB","potentialAction":[{"@type":"ReadAction","target":["https:\/\/greshamhouse.com\/de\/kontakt\/"]}]},{"@type":"WebSite","@id":"https:\/\/greshamhouse.com\/de\/#website","url":"https:\/\/greshamhouse.com\/de\/","name":"Gresham House DE","description":"Specialist alternative asset management","publisher":{"@id":"https:\/\/greshamhouse.com\/de\/#organization"},"potentialAction":[{"@type":"SearchAction","target":{"@type":"EntryPoint","urlTemplate":"https:\/\/greshamhouse.com\/de\/?s={search_term_string}"},"query-input":{"@type":"PropertyValueSpecification","valueRequired":true,"valueName":"search_term_string"}}],"inLanguage":"en-GB"},{"@type":"Organization","@id":"https:\/\/greshamhouse.com\/de\/#organization","name":"Gresham House DE","url":"https:\/\/greshamhouse.com\/de\/","logo":{"@type":"ImageObject","inLanguage":"en-GB","@id":"https:\/\/greshamhouse.com\/de\/#\/schema\/logo\/image\/","url":"https:\/\/greshamhouse.com\/de\/wp-content\/uploads\/sites\/5\/2025\/06\/Gresham_House_logo_positive.png","contentUrl":"https:\/\/greshamhouse.com\/de\/wp-content\/uploads\/sites\/5\/2025\/06\/Gresham_House_logo_positive.png","width":286,"height":112,"caption":"Gresham House DE"},"image":{"@id":"https:\/\/greshamhouse.com\/de\/#\/schema\/logo\/image\/"},"sameAs":["https:\/\/www.linkedin.com\/company\/gresham-house-plc"]}]}},"_links":{"self":[{"href":"https:\/\/greshamhouse.com\/de\/wp-json\/wp\/v2\/pages\/33648","targetHints":{"allow":["GET"]}}],"collection":[{"href":"https:\/\/greshamhouse.com\/de\/wp-json\/wp\/v2\/pages"}],"about":[{"href":"https:\/\/greshamhouse.com\/de\/wp-json\/wp\/v2\/types\/page"}],"author":[{"embeddable":true,"href":"https:\/\/greshamhouse.com\/de\/wp-json\/wp\/v2\/users\/38"}],"replies":[{"embeddable":true,"href":"https:\/\/greshamhouse.com\/de\/wp-json\/wp\/v2\/comments?post=33648"}],"version-history":[{"count":0,"href":"https:\/\/greshamhouse.com\/de\/wp-json\/wp\/v2\/pages\/33648\/revisions"}],"wp:attachment":[{"href":"https:\/\/greshamhouse.com\/de\/wp-json\/wp\/v2\/media?parent=33648"}],"curies":[{"name":"wp","href":"https:\/\/api.w.org\/{rel}","templated":true}]}}